{"id":122,"date":"2019-08-07T12:11:48","date_gmt":"2019-08-07T10:11:48","guid":{"rendered":"http:\/\/192.168.44.137\/?page_id=122"},"modified":"2023-12-07T16:44:00","modified_gmt":"2023-12-07T15:44:00","slug":"beitrittserklaerung","status":"publish","type":"page","link":"https:\/\/kvsunneblum.de\/?page_id=122","title":{"rendered":"Beitrittserkl\u00e4rung"},"content":{"rendered":"\n<p><strong>Gem\u00e4\u00df Beschluss der Mitgliederversammlung vom 15.05.2019 wird der Jahresbeitrag ab dem 01.01.2020 auf \u20ac 10,00 erh\u00f6ht.<\/strong><\/p>\n\n\n\n<p><strong>Beitrittserkl\u00e4rung<\/strong> und <strong>SEPA Lastschriftmandat<\/strong> ausf\u00fcllen und an ein Vorstandsmitglied weiterleiten. <\/p>\n\n\n\n<div data-wp-interactive=\"core\/file\" class=\"wp-block-file\"><object data-wp-bind--hidden=\"!state.hasPdfPreview\" hidden class=\"wp-block-file__embed\" data=\"https:\/\/kvsunneblum.de\/wp-content\/uploads\/2023\/12\/SEPA-Basislastschrift-Mandat.pdf\" type=\"application\/pdf\" style=\"width:100%;height:600px\" aria-label=\"Einbettung von SEPA-Basislastschrift-Mandat.\"><\/object><a id=\"wp-block-file--media-fdf8ede1-5bb8-48a2-bc76-6d31007ecc03\" href=\"https:\/\/kvsunneblum.de\/wp-content\/uploads\/2023\/12\/SEPA-Basislastschrift-Mandat.pdf\">SEPA-Basislastschrift-Mandat<\/a><a href=\"https:\/\/kvsunneblum.de\/wp-content\/uploads\/2023\/12\/SEPA-Basislastschrift-Mandat.pdf\" class=\"wp-block-file__button wp-element-button\" download aria-describedby=\"wp-block-file--media-fdf8ede1-5bb8-48a2-bc76-6d31007ecc03\">Herunterladen<\/a><\/div>\n\n\n\n<div data-wp-interactive=\"core\/file\" class=\"wp-block-file\"><object data-wp-bind--hidden=\"!state.hasPdfPreview\" hidden class=\"wp-block-file__embed\" data=\"https:\/\/kvsunneblum.de\/wp-content\/uploads\/2020\/03\/ab_2020_kvs_beitrittserklrung.pdf\" type=\"application\/pdf\" style=\"width:100%;height:600px\" aria-label=\"Einbettung von Beitrittserkl\u00e4rung.\"><\/object><a id=\"wp-block-file--media-e977cfa5-cc6c-430e-ab1b-5aeb8fd33cc1\" href=\"https:\/\/kvsunneblum.de\/wp-content\/uploads\/2020\/03\/ab_2020_kvs_beitrittserklrung.pdf\">Beitrittserkl\u00e4rung<\/a><a href=\"https:\/\/kvsunneblum.de\/wp-content\/uploads\/2020\/03\/ab_2020_kvs_beitrittserklrung.pdf\" class=\"wp-block-file__button wp-element-button\" download aria-describedby=\"wp-block-file--media-e977cfa5-cc6c-430e-ab1b-5aeb8fd33cc1\">Herunterladen<\/a><\/div>\n\n\n\n<div class=\"wp-block-file\"><a id=\"wp-block-file--media-fd980566-eb60-4f58-b304-9963e936c0c9\" href=\"https:\/\/kvsunneblum.de\/wp-content\/uploads\/2019\/08\/kvsinformationspflichten.pdf\">Informationspflichten<\/a><a href=\"https:\/\/kvsunneblum.de\/wp-content\/uploads\/2019\/08\/kvsinformationspflichten.pdf\" class=\"wp-block-file__button wp-element-button\" download aria-describedby=\"wp-block-file--media-fd980566-eb60-4f58-b304-9963e936c0c9\">Herunterladen<\/a><\/div>\n","protected":false},"excerpt":{"rendered":"<p>Gem\u00e4\u00df Beschluss der Mitgliederversammlung vom 15.05.2019 wird der Jahresbeitrag ab dem 01.01.2020 auf \u20ac 10,00 erh\u00f6ht. Beitrittserkl\u00e4rung und SEPA Lastschriftmandat ausf\u00fcllen und an ein Vorstandsmitglied weiterleiten.<\/p>\n","protected":false},"author":1,"featured_media":0,"parent":0,"menu_order":0,"comment_status":"closed","ping_status":"closed","template":"","meta":{"site-sidebar-layout":"default","site-content-layout":"default","ast-site-content-layout":"default","site-content-style":"default","site-sidebar-style":"default","ast-global-header-display":"","ast-banner-title-visibility":"","ast-main-header-display":"","ast-hfb-above-header-display":"","ast-hfb-below-header-display":"","ast-hfb-mobile-header-display":"","site-post-title":"","ast-breadcrumbs-content":"","ast-featured-img":"","footer-sml-layout":"","ast-disable-related-posts":"","theme-transparent-header-meta":"default","adv-header-id-meta":"","stick-header-meta":"","header-above-stick-meta":"","header-main-stick-meta":"","header-below-stick-meta":"","astra-migrate-meta-layouts":"set","ast-page-background-enabled":"default","ast-page-background-meta":{"desktop":{"background-color":"","background-image":"","background-repeat":"repeat","background-position":"center center","background-size":"auto","background-attachment":"scroll","background-type":"","background-media":"","overlay-type":"","overlay-color":"","overlay-opacity":"","overlay-gradient":""},"tablet":{"background-color":"","background-image":"","background-repeat":"repeat","background-position":"center center","background-size":"auto","background-attachment":"scroll","background-type":"","background-media":"","overlay-type":"","overlay-color":"","overlay-opacity":"","overlay-gradient":""},"mobile":{"background-color":"","background-image":"","background-repeat":"repeat","background-position":"center center","background-size":"auto","background-attachment":"scroll","background-type":"","background-media":"","overlay-type":"","overlay-color":"","overlay-opacity":"","overlay-gradient":""}},"ast-content-background-meta":{"desktop":{"background-color":"var(--ast-global-color-5)","background-image":"","background-repeat":"repeat","background-position":"center center","background-size":"auto","background-attachment":"scroll","background-type":"","background-media":"","overlay-type":"","overlay-color":"","overlay-opacity":"","overlay-gradient":""},"tablet":{"background-color":"var(--ast-global-color-5)","background-image":"","background-repeat":"repeat","background-position":"center center","background-size":"auto","background-attachment":"scroll","background-type":"","background-media":"","overlay-type":"","overlay-color":"","overlay-opacity":"","overlay-gradient":""},"mobile":{"background-color":"var(--ast-global-color-5)","background-image":"","background-repeat":"repeat","background-position":"center center","background-size":"auto","background-attachment":"scroll","background-type":"","background-media":"","overlay-type":"","overlay-color":"","overlay-opacity":"","overlay-gradient":""}},"footnotes":""},"class_list":["post-122","page","type-page","status-publish","hentry"],"_links":{"self":[{"href":"https:\/\/kvsunneblum.de\/index.php?rest_route=\/wp\/v2\/pages\/122","targetHints":{"allow":["GET"]}}],"collection":[{"href":"https:\/\/kvsunneblum.de\/index.php?rest_route=\/wp\/v2\/pages"}],"about":[{"href":"https:\/\/kvsunneblum.de\/index.php?rest_route=\/wp\/v2\/types\/page"}],"author":[{"embeddable":true,"href":"https:\/\/kvsunneblum.de\/index.php?rest_route=\/wp\/v2\/users\/1"}],"replies":[{"embeddable":true,"href":"https:\/\/kvsunneblum.de\/index.php?rest_route=%2Fwp%2Fv2%2Fcomments&post=122"}],"version-history":[{"count":0,"href":"https:\/\/kvsunneblum.de\/index.php?rest_route=\/wp\/v2\/pages\/122\/revisions"}],"wp:attachment":[{"href":"https:\/\/kvsunneblum.de\/index.php?rest_route=%2Fwp%2Fv2%2Fmedia&parent=122"}],"curies":[{"name":"wp","href":"https:\/\/api.w.org\/{rel}","templated":true}]}}