{"id":1715,"date":"2023-06-13T12:25:19","date_gmt":"2023-06-13T10:25:19","guid":{"rendered":"https:\/\/kvsunneblum.de\/?page_id=1715"},"modified":"2025-12-22T23:38:32","modified_gmt":"2025-12-22T22:38:32","slug":"anmeldung-mitgliederbriefe-digital","status":"publish","type":"page","link":"https:\/\/kvsunneblum.de\/?page_id=1715","title":{"rendered":"Anmeldung Mitgliederbriefe digital"},"content":{"rendered":"\n<p>Wenn du den Mitgliederbrief nicht mehr in ausgedruckter Form erhalten m\u00f6chtest, sondern ganz einfach per E-Mail, melde dich \u00fcber das unten stehende Formular an. <br>Du bekommst von uns dadurch keine w\u00f6chentlichen oder monatlichen Newsletter. Die Anmeldung ist nur f\u00fcr Mitgliederbriefe und ggf. einige wichtige Informationen zur Saison gedacht. Hiermit hilfst du uns Papier und Zeit zu sparen, vielen Dank. <\/p>\n\n\n\n<p>Wir ben\u00f6tigen hierf\u00fcr deine E-Mail Adresse und deinen Vor- und Nachnamen, um diesen mit dem Mitgliederverzeichnis abzugleichen. <br>Du kannst freiwillig auch deine Adressdaten erg\u00e4nzen, damit wir ggf. alte Mitgliedereintr\u00e4ge aktualisieren k\u00f6nnen (z.B. durch Umzug).<\/p>\n\n\n\n<!-- Noptin Newsletter Plugin v4.2.2 - https:\/\/wordpress.org\/plugins\/newsletter-optin-box\/ --><div id=\"noptin-form-1__wrapper\" class=\"noptin-optin-main-wrapper noptin-form-id-3322 noptin-inpost-main-wrapper\" aria-labelledby=\"noptin-form-1__title\" ><style>.noptin-form-id-3322 .noptin-optin-form-wrapper *{} #noptin-form-1__wrapper {--noptin-background-color: #eeeeee; --noptin-border-color: #eeeeee; --noptin-title-color: #313131; --noptin-description-color: #32373c; --noptin-note-color: #607D8B;}<\/style><div style=\"max-width:620px; min-height:280px;border-style: solid;border-width: 4px;border-color: #eeeeee;\" class=\"noptin-optin-form-wrapper no-image\" ><!-- Form ID: 3322 --><form id=\"noptin-form-1\" class=\"noptin-optin-form noptin-form-new-line noptin-label-hide noptin-form-1\" method=\"post\" novalidate >\t\t\t\t\t<div class=\"noptin-form-header no-image\">\n\t\t\t\t\t\t\t\t\t\t\t\t<div class=\"noptin-form-header-text\">\n\n\t\t\t\t\t\t\t\n\t\t\t\t\t\t\t\t\t\t\t\t\t\t\t<div style=\"color: #313131;font-size: 30px; font-weight: 700; line-height: 1.5;\" class=\"noptin-form-heading\">\n\t\t\t\t\t\t\t\t\tABONNIERE UNSEREN MITGLIEDERBRIEF\t\t\t\t\t\t\t\t<\/div>\n\t\t\t\t\t\t\t\n\t\t\t\t\t\t\t\t\t\t\t\t\t\t\t<div style=\"color: #32373c;font-size: 16px; font-weight: 500; line-height: 1.3;\" class=\"noptin-form-description\">\n\t\t\t\t\t\t\t\t\tErhalte unsere Mitgliederbriefe und wichtige Neuigkeiten in digitaler Form. \t\t\t\t\t\t\t\t<\/div>\n\t\t\t\t\t\t\t\n\t\t\t\t\t\t<\/div>\n\t\t\t\t\t\t\n\t\t\t\t\t\t\n\t\t\t\t\t<\/div>\n\t\t\t\t<div class=\"noptin-form-footer\"><div class=\"noptin-form-fields\">\t\t\t<div class=\"noptin-form-field-wrapper noptin-form-field-email noptin-optin-field-wrapper noptin-optin-field-email\" id=\"noptin-form-1__field-email--wrapper\" >\n\t\t<div class=\"noptin-field-email\">\n\t\t\t<label class=\"noptin-label\" for=\"noptin-form-1__field-email\">E-Mail-Adresse<\/label>\n\t\t\t<input name=\"noptin_fields[email]\" id=\"noptin-form-1__field-email\" type=\"email\" class=\"noptin-text noptin-form-field noptin-form-field__email noptin-form-field__has-no-placeholder\" placeholder=\"E-Mail-Adresse\" required \/>\n\n\t\t<\/div><\/div>\t\t\t<div class=\"noptin-form-field-wrapper noptin-form-field-first_name noptin-optin-field-wrapper noptin-optin-field-first_name\" id=\"noptin-form-1__field-first_name--wrapper\" >\n\t\t<div class=\"noptin-field-first_name\">\n\t\t\t<label class=\"noptin-label\" for=\"noptin-form-1__field-first_name\">Vorname<\/label>\n\t\t\t<input name=\"noptin_fields[first_name]\" id=\"noptin-form-1__field-first_name\" type=\"text\" class=\"noptin-text noptin-form-field noptin-form-field__first_name noptin-form-field__has-no-placeholder\" placeholder=\"Vorname\" required \/>\n\n\t\t<\/div><\/div>\t\t\t<div class=\"noptin-form-field-wrapper noptin-form-field-last_name noptin-optin-field-wrapper noptin-optin-field-last_name\" id=\"noptin-form-1__field-last_name--wrapper\" >\n\t\t<div class=\"noptin-field-last_name\">\n\t\t\t<label class=\"noptin-label\" for=\"noptin-form-1__field-last_name\">Nachname<\/label>\n\t\t\t<input name=\"noptin_fields[last_name]\" id=\"noptin-form-1__field-last_name\" type=\"text\" class=\"noptin-text noptin-form-field noptin-form-field__last_name noptin-form-field__has-no-placeholder\" placeholder=\"Nachname\" required \/>\n\n\t\t<\/div><\/div>\t\t\t<div class=\"noptin-form-field-wrapper noptin-form-field-adresse noptin-optin-field-wrapper noptin-optin-field-adresse\" id=\"noptin-form-1__field-adresse--wrapper\" >\n\t\t<div class=\"noptin-field-text\">\n\t\t\t<label class=\"noptin-label\" for=\"noptin-form-1__field-adresse\">Adresse<\/label>\n\t\t\t<input name=\"noptin_fields[adresse]\" id=\"noptin-form-1__field-adresse\" type=\"text\" class=\"noptin-text noptin-form-field noptin-form-field__adresse noptin-form-field__has-no-placeholder\" placeholder=\"Adresse\" \/>\n\n\t\t<\/div><\/div>\t\t\t<div class=\"noptin-form-field-wrapper noptin-form-field-ort noptin-optin-field-wrapper noptin-optin-field-ort\" id=\"noptin-form-1__field-ort--wrapper\" >\n\t\t<div class=\"noptin-field-text\">\n\t\t\t<label class=\"noptin-label\" for=\"noptin-form-1__field-ort\">Ort<\/label>\n\t\t\t<input name=\"noptin_fields[ort]\" id=\"noptin-form-1__field-ort\" type=\"text\" class=\"noptin-text noptin-form-field noptin-form-field__ort noptin-form-field__has-no-placeholder\" placeholder=\"Ort\" \/>\n\n\t\t<\/div><\/div>\t\t\t<div class=\"noptin-form-field-wrapper noptin-form-field-postleitzahl noptin-optin-field-wrapper noptin-optin-field-postleitzahl\" id=\"noptin-form-1__field-postleitzahl--wrapper\" >\n\t\t<div class=\"noptin-field-number\">\n\t\t\t<label class=\"noptin-label\" for=\"noptin-form-1__field-postleitzahl\">Postleitzahl<\/label>\n\t\t\t<input name=\"noptin_fields[postleitzahl]\" id=\"noptin-form-1__field-postleitzahl\" type=\"number\" class=\"noptin-text noptin-form-field noptin-form-field__postleitzahl noptin-form-field__has-no-placeholder\" placeholder=\"Postleitzahl\" \/>\n\n\t\t<\/div><\/div>\t\t\t<div class=\"noptin-form-field-wrapper noptin-form-field-consent noptin-optin-field-wrapper noptin-optin-field-consent\" >\n\t\t\n\t\t<label>\n\t\t\t<input\n\t\t\t\tname=\"GDPR_consent\"\n\t\t\t\ttype='checkbox'\n\t\t\t\tvalue='1'\n\t\t\t\tclass='noptin-checkbox-form-field noptin-gdpr-checkbox-wrapper'\n\t\t\t\trequired=\"required\"\n\t\t\t\/><span>Hiermit stimme ich zu, Mitgliederbriefe und weitere Informationen vom KV Sunneblum an die oben angegebene E-Mail zu erhalten.<\/span>\n\t\t<\/label>\n\t\t<\/div>\t\t\t<div class=\"noptin-form-field-wrapper noptin-form-field-submit noptin-optin-field-wrapper noptin-optin-field-submit\" >\n\t\t\n\t\t\t<input type=\"submit\" id=\"noptin-form-1__submit\" class=\"noptin-form-submit btn button btn-primary button-primary wp-element-button noptin-form-button-block\" name=\"noptin-submit\" value=\"Jetzt abonnieren\"  \/>\n\n\t\t<\/div><\/div>\t\t\t\t\t\t<div class=\"noptin-form-notice noptin-response\" role=\"alert\"><\/div>\n\t\t\t<\/div>\n\t\t\t<input type=\"hidden\" name=\"noptin_element_id\" value=\"1\" \/><input type=\"hidden\" name=\"source\" value=\"3322\" \/><input type=\"hidden\" name=\"form_action\" value=\"subscribe\" \/><input type=\"hidden\" name=\"noptin-config\" value=\"27cWWsK8TAF.9ntRkLtAzxei3zJ8yx7tP7pKN3AhReBUSe2sFp23Wa.GNhJ9o3.S\" \/><input type=\"hidden\" name=\"noptin_form_id\" value=\"3322\" \/><\/form><\/div><!-- \/Form ID: 3322 --><\/div><!-- \/ Noptin Newsletter Plugin -->\n\n\n\n<p><\/p>\n","protected":false},"excerpt":{"rendered":"<p>Wenn du den Mitgliederbrief nicht mehr in ausgedruckter Form erhalten m\u00f6chtest, sondern ganz einfach per E-Mail, melde dich \u00fcber das unten stehende Formular an. Du bekommst von uns dadurch keine w\u00f6chentlichen oder monatlichen Newsletter. Die Anmeldung ist nur f\u00fcr Mitgliederbriefe und ggf. einige wichtige Informationen zur Saison gedacht. Hiermit hilfst du uns Papier und Zeit [&hellip;]<\/p>\n","protected":false},"author":1,"featured_media":0,"parent":0,"menu_order":0,"comment_status":"closed","ping_status":"closed","template":"","meta":{"site-sidebar-layout":"default","site-content-layout":"","ast-site-content-layout":"default","site-content-style":"default","site-sidebar-style":"default","ast-global-header-display":"","ast-banner-title-visibility":"","ast-main-header-display":"","ast-hfb-above-header-display":"","ast-hfb-below-header-display":"","ast-hfb-mobile-header-display":"","site-post-title":"","ast-breadcrumbs-content":"","ast-featured-img":"","footer-sml-layout":"","ast-disable-related-posts":"","theme-transparent-header-meta":"","adv-header-id-meta":"","stick-header-meta":"","header-above-stick-meta":"","header-main-stick-meta":"","header-below-stick-meta":"","astra-migrate-meta-layouts":"set","ast-page-background-enabled":"default","ast-page-background-meta":{"desktop":{"background-color":"","background-image":"","background-repeat":"repeat","background-position":"center center","background-size":"auto","background-attachment":"scroll","background-type":"","background-media":"","overlay-type":"","overlay-color":"","overlay-opacity":"","overlay-gradient":""},"tablet":{"background-color":"","background-image":"","background-repeat":"repeat","background-position":"center center","background-size":"auto","background-attachment":"scroll","background-type":"","background-media":"","overlay-type":"","overlay-color":"","overlay-opacity":"","overlay-gradient":""},"mobile":{"background-color":"","background-image":"","background-repeat":"repeat","background-position":"center center","background-size":"auto","background-attachment":"scroll","background-type":"","background-media":"","overlay-type":"","overlay-color":"","overlay-opacity":"","overlay-gradient":""}},"ast-content-background-meta":{"desktop":{"background-color":"var(--ast-global-color-5)","background-image":"","background-repeat":"repeat","background-position":"center center","background-size":"auto","background-attachment":"scroll","background-type":"","background-media":"","overlay-type":"","overlay-color":"","overlay-opacity":"","overlay-gradient":""},"tablet":{"background-color":"var(--ast-global-color-5)","background-image":"","background-repeat":"repeat","background-position":"center center","background-size":"auto","background-attachment":"scroll","background-type":"","background-media":"","overlay-type":"","overlay-color":"","overlay-opacity":"","overlay-gradient":""},"mobile":{"background-color":"var(--ast-global-color-5)","background-image":"","background-repeat":"repeat","background-position":"center center","background-size":"auto","background-attachment":"scroll","background-type":"","background-media":"","overlay-type":"","overlay-color":"","overlay-opacity":"","overlay-gradient":""}},"footnotes":""},"class_list":["post-1715","page","type-page","status-publish","hentry"],"_links":{"self":[{"href":"https:\/\/kvsunneblum.de\/index.php?rest_route=\/wp\/v2\/pages\/1715","targetHints":{"allow":["GET"]}}],"collection":[{"href":"https:\/\/kvsunneblum.de\/index.php?rest_route=\/wp\/v2\/pages"}],"about":[{"href":"https:\/\/kvsunneblum.de\/index.php?rest_route=\/wp\/v2\/types\/page"}],"author":[{"embeddable":true,"href":"https:\/\/kvsunneblum.de\/index.php?rest_route=\/wp\/v2\/users\/1"}],"replies":[{"embeddable":true,"href":"https:\/\/kvsunneblum.de\/index.php?rest_route=%2Fwp%2Fv2%2Fcomments&post=1715"}],"version-history":[{"count":14,"href":"https:\/\/kvsunneblum.de\/index.php?rest_route=\/wp\/v2\/pages\/1715\/revisions"}],"predecessor-version":[{"id":3325,"href":"https:\/\/kvsunneblum.de\/index.php?rest_route=\/wp\/v2\/pages\/1715\/revisions\/3325"}],"wp:attachment":[{"href":"https:\/\/kvsunneblum.de\/index.php?rest_route=%2Fwp%2Fv2%2Fmedia&parent=1715"}],"curies":[{"name":"wp","href":"https:\/\/api.w.org\/{rel}","templated":true}]}}